{"id":956,"date":"2019-04-23T00:02:39","date_gmt":"2019-04-22T22:02:39","guid":{"rendered":"http:\/\/www.joanantoncatala.com\/ca\/?page_id=956"},"modified":"2022-01-03T09:36:48","modified_gmt":"2022-01-03T08:36:48","slug":"empreses","status":"publish","type":"page","link":"https:\/\/www.joanantoncatala.com\/ca\/empreses\/","title":{"rendered":"Per a empreses"},"content":{"rendered":"\n<p>L&#8217;any 2015 vaig crear la metodologia innovadora &#8220;<a href=\"http:\/\/www.joanantoncatala.com\/ca\/2019\/05\/22\/empresa-i-astronomia\/\">A space to grow<\/a>&#8220;, pionera a tot Espanya, que combina empresa i astronomia. Aix\u00f2 em permet oferir serveis professionals impactants, frescos i altament efectius.<\/p>\n\n\n\n<p>Vull destacar que no es tracta d&#8217;una aproximaci\u00f3 simplement divertida, enfocada al &#8220;team building&#8221; i realitzada per un astr\u00f2nom. \u00c9s un conjunt de serveis que persegueixen endinsar-se en les tem\u00e0tiques clau de les organitzacions per generar reflexi\u00f3 i aprenentatges, en els que combino una llarga experi\u00e8ncia en posicions directives en el m\u00f3n de l&#8217;empresa amb una s\u00f2lida formaci\u00f3 i especialitzaci\u00f3 en la divulgaci\u00f3 cient\u00edfica i col\u00b7laboraci\u00f3 amb mitjans de comunicaci\u00f3.<\/p>\n\n\n\n<div style=\"height:31px\" aria-hidden=\"true\" class=\"wp-block-spacer\"><\/div>\n\n\n\n<div class=\"wp-block-image\"><figure class=\"aligncenter\"><img decoding=\"async\" src=\"http:\/\/www.joanantoncatala.com\/es\/wp-content\/uploads\/2019\/04\/aspace-1024x772.jpg\" alt=\"\" class=\"wp-image-866\"\/><\/figure><\/div>\n\n\n\n<div style=\"height:26px\" aria-hidden=\"true\" class=\"wp-block-spacer\"><\/div>\n\n\n\n<p>Els components d&#8217;aquest producte s\u00f3n els seg\u00fcents:<\/p>\n\n\n\n<ul><li><strong>Confer\u00e8ncies<\/strong>: adaptables a diferents tem\u00e0tiques clau de les organitzacions per a facilitar la reflexi\u00f3, i que a m\u00e9s sorprenen i emocionen <a href=\"http:\/\/www.joanantoncatala.com\/es\/2015\/01\/01\/conferencias\/\">(<\/a><a href=\"http:\/\/www.joanantoncatala.com\/ca\/2019\/04\/23\/conferencies\/\">veure m\u00e9s&#8230;<\/a><a href=\"http:\/\/www.joanantoncatala.com\/es\/2015\/01\/01\/conferencias\/\">)<\/a><\/li><li><strong>Programes de gran impacte:<\/strong> en els que treballem amb el teu equip en un observatori astron\u00f2mic. Una experi\u00e8ncia que deixar\u00e0 enpremta i que permetr\u00e0 entrar en profunditat en aspectes de negoci que t&#8217;interessen <a href=\"http:\/\/www.joanantoncatala.com\/es\/2016\/04\/22\/dinamicas-de-equipo-en-un-observatorio-astronomico\/\">(<\/a><a href=\"http:\/\/www.joanantoncatala.com\/ca\/2019\/04\/23\/dinamiques-dequip-en-un-observatori-astronomic\/\">veure m\u00e9s&#8230;<\/a><a href=\"http:\/\/www.joanantoncatala.com\/es\/2016\/04\/22\/dinamicas-de-equipo-en-un-observatorio-astronomico\/\">)<\/a><\/li><li><strong>Programes formatius &#8220;in-company&#8221;<\/strong>:enfocats a compet\u00e8ncies com el lideratge, la comunicaci\u00f3, la gesti\u00f3 de projectes, l&#8217;an\u00e0lisi i la presa de decisions, la gesti\u00f3 de persones \u2026 la inclusi\u00f3 d&#8217;elements inspirats en el cosmos, aix\u00ed com el treball sobre casos impactants de l&#8217;exploraci\u00f3 espacial, converteixen aquestes formacions en experi\u00e8ncies diferencials, que capten l&#8217;inter\u00e8s dels participants i generen comprom\u00eds amb els aprenentatges sobre la base del record i l&#8217;emoci\u00f3 (<a href=\"http:\/\/www.joanantoncatala.com\/ca\/?page_id=1602\">veure m\u00e9s&#8230;<\/a>)<\/li><li><strong>Acompanyament<\/strong>: una combinaci\u00f3 de mentoring i de coaching, de car\u00e0cter individual, per a transferir coneixement i activar. Des de direcci\u00f3 general a comandaments intermedis (veure m\u00e9s \u2026)<\/li><\/ul>\n\n\n\n<p>Pots trobar m\u00e9s informaci\u00f3 sobre els serveis que ofereixo al lloc web de <a rel=\"noreferrer noopener\" href=\"http:\/\/www.leading-on.com\" target=\"_blank\">Leading-On<\/a>.<\/p>\n\n\n\n<div style=\"height:21px\" aria-hidden=\"true\" class=\"wp-block-spacer\"><\/div>\n\n\n\n<p>I aquestes s\u00f3n les principals refer\u00e8ncies amb les que he treballat:<\/p>\n\n\n\n<div class=\"wp-block-image\"><figure class=\"aligncenter size-large\"><a href=\"http:\/\/www.joanantoncatala.com\/ca\/wp-content\/uploads\/2022\/01\/ref.jpg\"><img loading=\"lazy\" decoding=\"async\" width=\"1024\" height=\"809\" src=\"http:\/\/www.joanantoncatala.com\/ca\/wp-content\/uploads\/2022\/01\/ref-1024x809.jpg\" alt=\"\" class=\"wp-image-2106\" srcset=\"https:\/\/www.joanantoncatala.com\/ca\/wp-content\/uploads\/2022\/01\/ref-1024x809.jpg 1024w, https:\/\/www.joanantoncatala.com\/ca\/wp-content\/uploads\/2022\/01\/ref-300x237.jpg 300w, https:\/\/www.joanantoncatala.com\/ca\/wp-content\/uploads\/2022\/01\/ref-768x606.jpg 768w, https:\/\/www.joanantoncatala.com\/ca\/wp-content\/uploads\/2022\/01\/ref-1536x1213.jpg 1536w, https:\/\/www.joanantoncatala.com\/ca\/wp-content\/uploads\/2022\/01\/ref.jpg 1811w\" sizes=\"(max-width: 1024px) 100vw, 1024px\" \/><\/a><\/figure><\/div>\n\n\n\n<div style=\"height:29px\" aria-hidden=\"true\" class=\"wp-block-spacer\"><\/div>\n\n\n\n<p>Si desitges contactar amb mi per tal d&#8217;entrar en m\u00e9s detall, pots fer-ho a trav\u00e9s del <a href=\"http:\/\/www.joanantoncatala.com\/es\/contacto\/\">seg\u00fcent formulari<\/a>.<\/p>\n","protected":false},"excerpt":{"rendered":"<p>L&#8217;any 2015 vaig crear la metodologia innovadora &#8220;A space to grow&#8220;, pionera a tot Espanya, que combina empresa i astronomia. Aix\u00f2 em permet oferir serveis professionals impactants, frescos i altament efectius. Vull destacar que no es tracta d&#8217;una aproximaci\u00f3 simplement divertida, enfocada al &#8220;team building&#8221; i realitzada per un astr\u00f2nom. \u00c9s un conjunt de serveis [&hellip;]<\/p>\n","protected":false},"author":4,"featured_media":0,"parent":0,"menu_order":0,"comment_status":"closed","ping_status":"closed","template":"","meta":{"footnotes":""},"_links":{"self":[{"href":"https:\/\/www.joanantoncatala.com\/ca\/wp-json\/wp\/v2\/pages\/956"}],"collection":[{"href":"https:\/\/www.joanantoncatala.com\/ca\/wp-json\/wp\/v2\/pages"}],"about":[{"href":"https:\/\/www.joanantoncatala.com\/ca\/wp-json\/wp\/v2\/types\/page"}],"author":[{"embeddable":true,"href":"https:\/\/www.joanantoncatala.com\/ca\/wp-json\/wp\/v2\/users\/4"}],"replies":[{"embeddable":true,"href":"https:\/\/www.joanantoncatala.com\/ca\/wp-json\/wp\/v2\/comments?post=956"}],"version-history":[{"count":13,"href":"https:\/\/www.joanantoncatala.com\/ca\/wp-json\/wp\/v2\/pages\/956\/revisions"}],"predecessor-version":[{"id":2109,"href":"https:\/\/www.joanantoncatala.com\/ca\/wp-json\/wp\/v2\/pages\/956\/revisions\/2109"}],"wp:attachment":[{"href":"https:\/\/www.joanantoncatala.com\/ca\/wp-json\/wp\/v2\/media?parent=956"}],"curies":[{"name":"wp","href":"https:\/\/api.w.org\/{rel}","templated":true}]}}