{"id":7,"date":"2015-07-02T10:40:18","date_gmt":"2015-07-02T10:40:18","guid":{"rendered":"http:\/\/inquiets.net\/estels\/?page_id=7"},"modified":"2019-11-19T17:48:21","modified_gmt":"2019-11-19T16:48:21","slug":"sobremi","status":"publish","type":"page","link":"http:\/\/www.joanantoncatala.com\/es\/sobremi\/","title":{"rendered":"Sobre mi"},"content":{"rendered":"\n<p><strong>Conferenciante, coach ejecutivo y consultor especialista en gesti\u00f3n del cambio. Divulgador cient\u00edfico.<\/strong><\/p>\n\n\n\n<p>Acumulo m\u00e1s de 30 a\u00f1os de experiencia en el mundo de la empresa, en los que he ocupado diversas posiciones directivas. He trabajado en T-Systems Espa\u00f1a y Portugal (4.200 empleados) como Director de Recursos Humanos y miembro del Comit\u00e9 Ejecutivo, y anteriormente como Director de Estrategia e Innovaci\u00f3n. En&nbsp;debis IT Services (2.500 empleados) fui Director de desarrollo de negocio de e-Business, y en el Centre Inform\u00e0tic de la Generalitat director de comunicaciones y nuevas tecnolog\u00edas.<\/p>\n\n\n\n<p>Desde el a\u00f1o 2008 dirijo mi propia consultora, Leading-On, especializada en la gesti\u00f3n del cambio y en la ejecuci\u00f3n. Desde esta plataforma he trabajado para clientes en diversos sectores, principalmente el Farmac\u00e9utico, TIC, Industrial y Administraci\u00f3n P\u00fablica.<\/p>\n\n\n\n<p>Me form\u00e9 t\u00e9cnicamente en IBM, soy PDG del IESE y \u00abLeading Execution\u00bb por la Wharton School de la Universidad de Pennsylvania.<\/p>\n\n\n\n<p>Soy M\u00e1ster en Astronom\u00eda y Astrof\u00edsica por la Universidad Internacional de Valencia, y licenciado en Ciencias Qu\u00edmicas, especialidad en Cu\u00e1ntica, por la Universidad de Barcelona.<\/p>\n\n\n\n<p>Compagino mi actividad profesional en el \u00e1mbito de las organizaciones con una intensa labor divulgativa cient\u00edfica. Colaboro habitualmente con medios de comunicaci\u00f3n, tanto en prensa, radio y televisi\u00f3n (actualmente dispongo de una secci\u00f3n semanal dentro del programa \u00abEl Suplement\u00bb de Catalunya R\u00e0dio, llamada \u00abLa Terra \u00e9s plana\u00bb), y soy autor de diversos libros. Fui\u00a0Contra de La Vanguardia en marzo de 2017.<\/p>\n\n\n\n<div style=\"height:30px\" aria-hidden=\"true\" class=\"wp-block-spacer\"><\/div>\n\n\n\n<p><strong>Pionero en Espa\u00f1a en la utilizaci\u00f3n de la astronom\u00eda en el entorno empresarial.<\/strong><\/p>\n\n\n\n<p>El a\u00f1o 2015 cre\u00e9 el producto y metodolog\u00eda innovadora \u00ab<a href=\"http:\/\/www.joanantoncatala.com\/es\/2019\/05\/22\/empresa-y-astronomia\/\">A space to grow<\/a>\u00ab, que cuenta con relevantes referencias internacionales, y que utiliza el universo y el espacio como elementos inspiradores y facilitadores para la reflexi\u00f3n y la discusi\u00f3n en tem\u00e1ticas tan importantes como la comunicaci\u00f3n, el liderazgo, la innovaci\u00f3n, la gesti\u00f3n de personas, la gesti\u00f3n del riesgo, o el trabajo en equipo.<\/p>\n\n\n\n<div style=\"height:32px\" aria-hidden=\"true\" class=\"wp-block-spacer\"><\/div>\n\n\n\n<p><strong>\u00bfDeseas saber m\u00e1s de mi?<\/strong><\/p>\n\n\n\n<p>Consulta mi perfil profesional en:&nbsp;<a href=\"https:\/\/es.linkedin.com\/in\/jcatala\" target=\"_blank\" rel=\"noopener noreferrer\">https:\/\/es.linkedin.com\/in\/jcatala<\/a><\/p>\n","protected":false},"excerpt":{"rendered":"<p>Conferenciante, coach ejecutivo y consultor especialista en gesti\u00f3n del cambio. Divulgador cient\u00edfico. Acumulo m\u00e1s de 30 a\u00f1os de experiencia en el mundo de la empresa, en los que he ocupado diversas posiciones directivas. He trabajado en T-Systems Espa\u00f1a y Portugal (4.200 empleados) como Director de Recursos Humanos y miembro del Comit\u00e9 Ejecutivo, y anteriormente como [&hellip;]<\/p>\n","protected":false},"author":2,"featured_media":0,"parent":0,"menu_order":0,"comment_status":"closed","ping_status":"open","template":"","meta":{"footnotes":""},"_links":{"self":[{"href":"http:\/\/www.joanantoncatala.com\/es\/wp-json\/wp\/v2\/pages\/7"}],"collection":[{"href":"http:\/\/www.joanantoncatala.com\/es\/wp-json\/wp\/v2\/pages"}],"about":[{"href":"http:\/\/www.joanantoncatala.com\/es\/wp-json\/wp\/v2\/types\/page"}],"author":[{"embeddable":true,"href":"http:\/\/www.joanantoncatala.com\/es\/wp-json\/wp\/v2\/users\/2"}],"replies":[{"embeddable":true,"href":"http:\/\/www.joanantoncatala.com\/es\/wp-json\/wp\/v2\/comments?post=7"}],"version-history":[{"count":5,"href":"http:\/\/www.joanantoncatala.com\/es\/wp-json\/wp\/v2\/pages\/7\/revisions"}],"predecessor-version":[{"id":1108,"href":"http:\/\/www.joanantoncatala.com\/es\/wp-json\/wp\/v2\/pages\/7\/revisions\/1108"}],"wp:attachment":[{"href":"http:\/\/www.joanantoncatala.com\/es\/wp-json\/wp\/v2\/media?parent=7"}],"curies":[{"name":"wp","href":"https:\/\/api.w.org\/{rel}","templated":true}]}}