{"id":13,"date":"2015-07-02T10:41:41","date_gmt":"2015-07-02T10:41:41","guid":{"rendered":"http:\/\/inquiets.net\/estels\/?page_id=13"},"modified":"2022-01-03T09:39:55","modified_gmt":"2022-01-03T08:39:55","slug":"empresas","status":"publish","type":"page","link":"http:\/\/www.joanantoncatala.com\/es\/empresas\/","title":{"rendered":"Para empresas"},"content":{"rendered":"\n<p>En el a\u00f1o 2015 cre\u00e9 la metodolog\u00eda innovadora \u00ab<a href=\"http:\/\/www.joanantoncatala.com\/es\/2019\/05\/22\/empresa-y-astronomia\/\">A space to grow<\/a>\u00ab, pionera en toda Espa\u00f1a, que combina empresa y astronom\u00eda. Esto me permite ofrecer servicios profesionales impactantes, frescos y altamente efectivos.<\/p>\n\n\n\n<p>Quiero destacar que no se trata de una aproximaci\u00f3n simplemente divertida, enfocada al \u00abteam building\u00bb y realizada por un astr\u00f3nomo.&nbsp;Es un conjunto de servicios&nbsp;que persiguen adentrarse en las tem\u00e1ticas clave de las organizaciones para generar reflexi\u00f3n y aprendizajes, en los que a\u00fano una larga experiencia en posiciones directivas en el mundo de la empresa con una s\u00f3lida formaci\u00f3n y especializaci\u00f3n en la divulgaci\u00f3n cient\u00edfica y colaboraci\u00f3n con medios de comunicaci\u00f3n.<\/p>\n\n\n\n<div style=\"height:28px\" aria-hidden=\"true\" class=\"wp-block-spacer\"><\/div>\n\n\n\n<div class=\"wp-block-image\"><figure class=\"aligncenter\"><img loading=\"lazy\" decoding=\"async\" width=\"1024\" height=\"772\" src=\"http:\/\/www.joanantoncatala.com\/es\/wp-content\/uploads\/2019\/04\/aspace-1024x772.jpg\" alt=\"\" class=\"wp-image-866\" srcset=\"http:\/\/www.joanantoncatala.com\/es\/wp-content\/uploads\/2019\/04\/aspace-1024x772.jpg 1024w, http:\/\/www.joanantoncatala.com\/es\/wp-content\/uploads\/2019\/04\/aspace-600x453.jpg 600w, http:\/\/www.joanantoncatala.com\/es\/wp-content\/uploads\/2019\/04\/aspace-300x226.jpg 300w, http:\/\/www.joanantoncatala.com\/es\/wp-content\/uploads\/2019\/04\/aspace-768x579.jpg 768w, http:\/\/www.joanantoncatala.com\/es\/wp-content\/uploads\/2019\/04\/aspace.jpg 1290w\" sizes=\"(max-width: 1024px) 100vw, 1024px\" \/><\/figure><\/div>\n\n\n\n<div style=\"height:27px\" aria-hidden=\"true\" class=\"wp-block-spacer\"><\/div>\n\n\n\n<p>Los componentes de este producto son los siguientes:<\/p>\n\n\n\n<ul><li><strong>Conferencias<\/strong>: adaptables a diferentes tem\u00e1ticas clave de las organizaciones para facilitar la reflexi\u00f3n, y que adem\u00e1s sorprenden y emocionan <a href=\"http:\/\/www.joanantoncatala.com\/es\/2015\/01\/01\/conferencias\/\">(ver m\u00e1s&#8230;)<\/a><\/li><li><strong>Programas de gran impacto:<\/strong> en los que trabajamos con tu equipo en un observatorio astron\u00f3mico. Una experiencia que dejar\u00e1 huella y que permitir\u00e1 entrar en profundidad en aspectos de negocio que te interesan <a href=\"http:\/\/www.joanantoncatala.com\/es\/2016\/04\/22\/dinamicas-de-equipo-en-un-observatorio-astronomico\/\">(ver m\u00e1s&#8230;)<\/a><\/li><li><strong>Programas formativos \u00abin-company\u00bb<\/strong>: enfocados a competencias como el liderazgo, la comunicaci\u00f3n, la gesti\u00f3n de proyectos, el an\u00e1lisis y la toma de decisiones, la gesti\u00f3n de personas&#8230; La inclusi\u00f3n de elementos inspirados en el cosmos, as\u00ed como el trabajo sobre casos impactantes de la exploraci\u00f3n espacial, convierten estas formaciones en experiencias diferenciales, que captan el inter\u00e9s de los participantes y generan compromiso sobre los aprendizajes en base al recuerdo y a la emoci\u00f3n (<a href=\"http:\/\/www.joanantoncatala.com\/es\/formacion-para-empresas\/\">ver m\u00e1s..<\/a>.)<\/li><li><strong>Acompa\u00f1amiento<\/strong>: una combinaci\u00f3n de mentoring y de coaching, de car\u00e1cter individual, para transferir conocimiento y activar. Desde direcci\u00f3n general a mandos intermedios (ver m\u00e1s&#8230;)<\/li><\/ul>\n\n\n\n<div style=\"height:24px\" aria-hidden=\"true\" class=\"wp-block-spacer\"><\/div>\n\n\n\n<p>Puedes encontrar m\u00e1s informaci\u00f3n sobre los servicios que ofrezco en el sitio web de <a rel=\"noopener noreferrer\" href=\"http:\/\/www.leading-on.com\" target=\"_blank\">Leading-On<\/a>.<\/p>\n\n\n\n<p>Y estas son las principales referencias con las que he trabajado:<\/p>\n\n\n\n<div class=\"wp-block-image\"><figure class=\"aligncenter size-large\"><img decoding=\"async\" src=\"http:\/\/www.joanantoncatala.com\/ca\/wp-content\/uploads\/2022\/01\/ref-1024x809.jpg\" alt=\"\"\/><\/figure><\/div>\n\n\n\n<div style=\"height:36px\" aria-hidden=\"true\" class=\"wp-block-spacer\"><\/div>\n\n\n\n<p>Si deseas contactarme para entrar en m\u00e1s detalle, puedes hacerlo a trav\u00e9s del siguiente formulario:<\/p>\n\n\n<div role=\"form\" class=\"wpcf7\" id=\"wpcf7-f1134-o1\" lang=\"es-ES\" dir=\"ltr\">\n<div class=\"screen-reader-response\"><p role=\"status\" aria-live=\"polite\" aria-atomic=\"true\"><\/p> <ul><\/ul><\/div>\n<form action=\"\/es\/wp-json\/wp\/v2\/pages\/13#wpcf7-f1134-o1\" method=\"post\" class=\"wpcf7-form init\" novalidate=\"novalidate\" data-status=\"init\">\n<div style=\"display: none;\">\n<input type=\"hidden\" name=\"_wpcf7\" value=\"1134\" \/>\n<input type=\"hidden\" name=\"_wpcf7_version\" value=\"5.6.3\" \/>\n<input type=\"hidden\" name=\"_wpcf7_locale\" value=\"es_ES\" \/>\n<input type=\"hidden\" name=\"_wpcf7_unit_tag\" value=\"wpcf7-f1134-o1\" \/>\n<input type=\"hidden\" name=\"_wpcf7_container_post\" value=\"0\" \/>\n<input type=\"hidden\" name=\"_wpcf7_posted_data_hash\" value=\"\" \/>\n<input type=\"hidden\" name=\"_wpcf7_recaptcha_response\" value=\"\" \/>\n<\/div>\n<p>Su nombre (requerido)<br \/>\n    <span class=\"wpcf7-form-control-wrap\" data-name=\"your-name\"><input type=\"text\" name=\"your-name\" value=\"\" size=\"40\" class=\"wpcf7-form-control wpcf7-text wpcf7-validates-as-required\" aria-required=\"true\" aria-invalid=\"false\" \/><\/span> <\/p>\n<p>Su e-mail (requerido)<br \/>\n    <span class=\"wpcf7-form-control-wrap\" data-name=\"your-email\"><input type=\"email\" name=\"your-email\" value=\"\" size=\"40\" class=\"wpcf7-form-control wpcf7-text wpcf7-email wpcf7-validates-as-required wpcf7-validates-as-email\" aria-required=\"true\" aria-invalid=\"false\" \/><\/span> <\/p>\n<p>Asunto<br \/>\n    <span class=\"wpcf7-form-control-wrap\" data-name=\"your-subject\"><input type=\"text\" name=\"your-subject\" value=\"\" size=\"40\" class=\"wpcf7-form-control wpcf7-text\" aria-invalid=\"false\" \/><\/span> <\/p>\n<p>Su mensaje<br \/>\n    <span class=\"wpcf7-form-control-wrap\" data-name=\"your-message\"><textarea name=\"your-message\" cols=\"40\" rows=\"10\" class=\"wpcf7-form-control wpcf7-textarea\" aria-invalid=\"false\"><\/textarea><\/span> <\/p>\n<p><input type=\"submit\" value=\"Enviar\" class=\"wpcf7-form-control has-spinner wpcf7-submit\" \/><\/p>\n<div class=\"wpcf7-response-output\" aria-hidden=\"true\"><\/div><\/form><\/div>\n","protected":false},"excerpt":{"rendered":"<p>En el a\u00f1o 2015 cre\u00e9 la metodolog\u00eda innovadora \u00abA space to grow\u00ab, pionera en toda Espa\u00f1a, que combina empresa y astronom\u00eda. Esto me permite ofrecer servicios profesionales impactantes, frescos y altamente efectivos. Quiero destacar que no se trata de una aproximaci\u00f3n simplemente divertida, enfocada al \u00abteam building\u00bb y realizada por un astr\u00f3nomo.&nbsp;Es un conjunto de [&hellip;]<\/p>\n","protected":false},"author":2,"featured_media":0,"parent":0,"menu_order":0,"comment_status":"closed","ping_status":"open","template":"","meta":{"footnotes":""},"_links":{"self":[{"href":"http:\/\/www.joanantoncatala.com\/es\/wp-json\/wp\/v2\/pages\/13"}],"collection":[{"href":"http:\/\/www.joanantoncatala.com\/es\/wp-json\/wp\/v2\/pages"}],"about":[{"href":"http:\/\/www.joanantoncatala.com\/es\/wp-json\/wp\/v2\/types\/page"}],"author":[{"embeddable":true,"href":"http:\/\/www.joanantoncatala.com\/es\/wp-json\/wp\/v2\/users\/2"}],"replies":[{"embeddable":true,"href":"http:\/\/www.joanantoncatala.com\/es\/wp-json\/wp\/v2\/comments?post=13"}],"version-history":[{"count":20,"href":"http:\/\/www.joanantoncatala.com\/es\/wp-json\/wp\/v2\/pages\/13\/revisions"}],"predecessor-version":[{"id":1609,"href":"http:\/\/www.joanantoncatala.com\/es\/wp-json\/wp\/v2\/pages\/13\/revisions\/1609"}],"wp:attachment":[{"href":"http:\/\/www.joanantoncatala.com\/es\/wp-json\/wp\/v2\/media?parent=13"}],"curies":[{"name":"wp","href":"https:\/\/api.w.org\/{rel}","templated":true}]}}