{"id":1223,"date":"2020-09-23T12:52:10","date_gmt":"2020-09-23T10:52:10","guid":{"rendered":"http:\/\/www.joanantoncatala.com\/es\/?page_id=1223"},"modified":"2021-01-16T13:17:25","modified_gmt":"2021-01-16T12:17:25","slug":"formacion-para-empresas","status":"publish","type":"page","link":"http:\/\/www.joanantoncatala.com\/es\/formacion-para-empresas\/","title":{"rendered":"Formaci\u00f3n para empresas (\u00a1atenci\u00f3n nuevos cursos para gestionar momentos de cambio!)"},"content":{"rendered":"\n<p>Hace unos a\u00f1os apost\u00e9 por diferenciar las actividades profesionales que realizo en el \u00e1mbito de las din\u00e1micas de empresas y la formaci\u00f3n a trav\u00e9s de la combinaci\u00f3n innovadora entre el mundo de la empresa y la astronom\u00eda.<\/p>\n\n\n\n<p>As\u00ed naci\u00f3 la metodolog\u00eda \u00abA space to grow\u00bb, que incluye conferencias inspiradoras y motivadoras, din\u00e1micas y formaciones. Durante estos a\u00f1os la metodolog\u00eda ha acumulado importantes referencias (\u00a1gracias a todos por vuestra confianza!) que han ayudado a consolidar esta innovaci\u00f3n, que, por cierto, ofrezco tambi\u00e9n en ingl\u00e9s.<\/p>\n\n\n\n<figure class=\"wp-block-image size-large\"><img loading=\"lazy\" decoding=\"async\" width=\"714\" height=\"1024\" src=\"http:\/\/www.joanantoncatala.com\/es\/wp-content\/uploads\/2020\/09\/image-714x1024.png\" alt=\"\" class=\"wp-image-1224\" srcset=\"http:\/\/www.joanantoncatala.com\/es\/wp-content\/uploads\/2020\/09\/image-714x1024.png 714w, http:\/\/www.joanantoncatala.com\/es\/wp-content\/uploads\/2020\/09\/image-600x860.png 600w, http:\/\/www.joanantoncatala.com\/es\/wp-content\/uploads\/2020\/09\/image-209x300.png 209w, http:\/\/www.joanantoncatala.com\/es\/wp-content\/uploads\/2020\/09\/image-768x1101.png 768w, http:\/\/www.joanantoncatala.com\/es\/wp-content\/uploads\/2020\/09\/image-1071x1536.png 1071w, http:\/\/www.joanantoncatala.com\/es\/wp-content\/uploads\/2020\/09\/image.png 1108w\" sizes=\"(max-width: 714px) 100vw, 714px\" \/><\/figure>\n\n\n\n<p><\/p>\n\n\n\n<p><\/p>\n\n\n\n<p>\u00bfTe imaginas&#8230;<\/p>\n\n\n\n<p class=\"has-text-color has-vivid-purple-color\">&#8230;descubrir qu\u00e9 significa la flexibilidad y la adaptabilidad al cambio salvando la vida de los 3 astronautas del Apollo 13?<\/p>\n\n\n\n<p class=\"has-text-color has-vivid-purple-color\">&#8230;darse un ba\u00f1o de humildad con el universo, pensando en que si alguien tocase un bot\u00f3n y desapareciese nuestra galaxia entera, nadie nos echar\u00eda en falta?<\/p>\n\n\n\n<p class=\"has-text-color has-vivid-purple-color\">&#8230;viajar hacia Marte y discutir acerca de la superaci\u00f3n de nuestras limitaciones as\u00ed como sobre la necesidad de marcarse nuevas fronteras?<\/p>\n\n\n\n<p class=\"has-text-color has-vivid-purple-color\">&#8230;reflexionar sobre la gesti\u00f3n del riesgo y la resoluci\u00f3n de problemas analizando la tragedia del Challenger?<\/p>\n\n\n\n<p class=\"has-text-color has-vivid-purple-color\">&#8230;encontrar las claves del liderazgo personal y de la iniciativa pregunt\u00e1ndonos si se podr\u00edan haber salvado los 7 tripulantes del Columbia?<\/p>\n\n\n\n<p class=\"has-text-color has-vivid-purple-color\">&#8230;trabajar la comunicaci\u00f3n o la gesti\u00f3n de personas desde el concepto que nos cuenta que todos estamos fabricados dentro de las estrellas, con los mismos materiales, y, sin embargo, qu\u00e9 maravillosamente diferentes somos?<\/p>\n\n\n\n<p>Los actuales son momentos dif\u00edciles para todos, con la pandemia de la COVID-19. A nivel organizativo, pero tambi\u00e9n en un plano personal, simplemente porque somos personas y empatizamos con el sufrimiento de los dem\u00e1s y de la sociedad en general. \u00a1Qui\u00e9n nos iba a decir, en febrero de 2020, lo que nos ven\u00eda encima!<\/p>\n\n\n\n<p>Creo sinceramente que las actividades formativas que ofrezco aportan lo exigible, esto es conocimiento y capacidades, pero con el a\u00f1adido de la serenidad, perspectiva y equilibrio emocional que proporciona el universo, elementos que tan necesarios son ahora para nuestros equipos.<\/p>\n\n\n\n<p>Las tem\u00e1ticas sobre las que ofrezco formaci\u00f3n son las siguientes:<\/p>\n\n\n\n<p class=\"has-text-color has-vivid-purple-color\">-Liderazgo y Liderazgo personal<br>-Comunicaci\u00f3n interpersonal<br>-Gesti\u00f3n de personas<br>-Gesti\u00f3n b\u00e1sica de proyectos<br>-Planificaci\u00f3n<br>-Teamwork<br>-Gesti\u00f3n del cambio personal<br>-Gesti\u00f3n del cambio para gestores<br>-Equilibrio emocional<br>-El reto a nuestros propios l\u00edmites<\/p>\n\n\n\n<p>Todas ellas est\u00e1n adaptadas para su realizaci\u00f3n en modalidad tanto presencial como tambi\u00e9n on-line. Y, por supuesto, son adaptables a las prioridades y contenidos espec\u00edficos de cada organizaci\u00f3n (es decir, para nada son \u00aboff the shelf\u00bb).<\/p>\n\n\n\n<p class=\"has-text-color has-vivid-purple-color\">Respondiendo a las necesidades de algunos de mis clientes, especialmente por lo que se refiere al impacto de la pandemia tanto en el plano profesional como personal, recientemente he lanzado 3 cursos espec\u00edficos: \u00abGestionar tiempos dif\u00edciles (COVID-19)\u00bb, \u00abLa gesti\u00f3n del cambio\u00bb, y \u00abLa gesti\u00f3n b\u00e1sica de proyectos\u00bb. Puedes encontrar m\u00e1s informaci\u00f3n de estos cursos <strong><a href=\"http:\/\/www.joanantoncatala.com\/es\/2021\/01\/16\/nuevos-cursos-focalizados-en-el-cambio-y-la-gestion-de-la-situacion-que-vivimos\/\">aqu\u00ed<\/a>.<\/strong><\/p>\n\n\n\n<p>Si deseas m\u00e1s informaci\u00f3n, sin compromiso, acerca de la formaci\u00f3n me puedes contactar <strong><a href=\"http:\/\/www.joanantoncatala.com\/es\/contacto\/\">aqu\u00ed<\/a>.<\/strong><\/p>\n\n\n\n<p><\/p>\n","protected":false},"excerpt":{"rendered":"<p>Hace unos a\u00f1os apost\u00e9 por diferenciar las actividades profesionales que realizo en el \u00e1mbito de las din\u00e1micas de empresas y la formaci\u00f3n a trav\u00e9s de la combinaci\u00f3n innovadora entre el mundo de la empresa y la astronom\u00eda. As\u00ed naci\u00f3 la metodolog\u00eda \u00abA space to grow\u00bb, que incluye conferencias inspiradoras y motivadoras, din\u00e1micas y formaciones. Durante [&hellip;]<\/p>\n","protected":false},"author":2,"featured_media":0,"parent":0,"menu_order":0,"comment_status":"closed","ping_status":"closed","template":"","meta":{"footnotes":""},"_links":{"self":[{"href":"http:\/\/www.joanantoncatala.com\/es\/wp-json\/wp\/v2\/pages\/1223"}],"collection":[{"href":"http:\/\/www.joanantoncatala.com\/es\/wp-json\/wp\/v2\/pages"}],"about":[{"href":"http:\/\/www.joanantoncatala.com\/es\/wp-json\/wp\/v2\/types\/page"}],"author":[{"embeddable":true,"href":"http:\/\/www.joanantoncatala.com\/es\/wp-json\/wp\/v2\/users\/2"}],"replies":[{"embeddable":true,"href":"http:\/\/www.joanantoncatala.com\/es\/wp-json\/wp\/v2\/comments?post=1223"}],"version-history":[{"count":12,"href":"http:\/\/www.joanantoncatala.com\/es\/wp-json\/wp\/v2\/pages\/1223\/revisions"}],"predecessor-version":[{"id":1285,"href":"http:\/\/www.joanantoncatala.com\/es\/wp-json\/wp\/v2\/pages\/1223\/revisions\/1285"}],"wp:attachment":[{"href":"http:\/\/www.joanantoncatala.com\/es\/wp-json\/wp\/v2\/media?parent=1223"}],"curies":[{"name":"wp","href":"https:\/\/api.w.org\/{rel}","templated":true}]}}