{"id":973,"date":"2019-04-23T07:15:02","date_gmt":"2019-04-23T05:15:02","guid":{"rendered":"http:\/\/www.joanantoncatala.com\/ca\/?page_id=973"},"modified":"2019-11-19T17:46:08","modified_gmt":"2019-11-19T16:46:08","slug":"sobre-mi","status":"publish","type":"page","link":"http:\/\/www.joanantoncatala.com\/ca\/sobre-mi\/","title":{"rendered":"Sobre mi"},"content":{"rendered":"\n<p><strong>Conferenciant, coach executiu i consultor especialista en gesti\u00f3 del canvi. Divulgador cient\u00edfic.<\/strong><\/p>\n\n\n\n<p>Acumulo m\u00e9s de 30 anys d&#8217;experi\u00e8ncia en el m\u00f3n de l&#8217;empresa, en els que he ocupat diverses posicions directives. He treballat a T-Systems Espanya i Portugal (4.200 empleats) com a Director de Recursos Humans i membre del Comit\u00e8 Executiu, i anteriorment com a Director d&#8217;Estrat\u00e8gia i Innovaci\u00f3. A debis IT Services (2.500 empleats) vaig ser director de desenvolupament de negoci d&#8217;e-Business, i al Centre Inform\u00e0tic de la Generalitat director de comunicacions i noves tecnologies.<\/p>\n\n\n\n<p>Des de l&#8217;any 2008 dirigeixo la meva pr\u00f2pia consultora, Leading-On, especialitzada en la gesti\u00f3 del canvi i en l&#8217;execuci\u00f3. Des d&#8217;aquesta plataforma he treballat per a clients en diversos sectors, principalment el Farmac\u00e8utic, TIC, Industrial i Administraci\u00f3 P\u00fablica.<\/p>\n\n\n\n<p>Em vaig formar t\u00e8cnicament a IBM, s\u00f3c PDG de l&#8217;IESE i &#8220;Leading Execution&#8221; per la Wharton School de la Universitat de Pennsylvania<\/p>\n\n\n\n<p>S\u00f3c M\u00e0ster en Astronomia i Astrof\u00edsica per la Universitat Internacional de Val\u00e8ncia, i llicenciat en Ci\u00e8ncies Qu\u00edmiques, especialitat en Qu\u00e0ntica, per la Universitat de Barcelona.<\/p>\n\n\n\n<p>Compagino la meva activitat professional en l&#8217;\u00e0mbit de les organitzacions amb una intensa tasca divulgativa cient\u00edfica. Col\u00b7laboro habitualment amb mitjans de comunicaci\u00f3, tant en premsa, r\u00e0dio i televisi\u00f3 (actualment disposo d&#8217;una secci\u00f3 setmanal al programa &#8220;El Suplement&#8221; de Catalunya R\u00e0dio, anomenada &#8220;La Terra \u00e9s plana&#8221;), i s\u00f3c autor de diversos llibres. Vaig ser Contra de La Vanguardia el mar\u00e7 de 2017.<\/p>\n\n\n\n<div style=\"height:29px\" aria-hidden=\"true\" class=\"wp-block-spacer\"><\/div>\n\n\n\n<p><strong>Pioner a tota Espanya en l&#8217;utilitzaci\u00f3 de l&#8217;astronomia en l&#8217;entorn empresarial.<\/strong><\/p>\n\n\n\n<p>L&#8217;any 2015 vaig crear el producte i metodologia innovadora &#8220;<a href=\"http:\/\/www.joanantoncatala.com\/ca\/2019\/05\/22\/empresa-i-astronomia\/\">A space to grow<\/a>&#8220;, que compta amb rellevants refer\u00e8ncies internacionals, i que utilitza l&#8217;univers i l&#8217;espai com a elements inspiradors i facilitadors per a la reflexi\u00f3 i la discussi\u00f3 en tem\u00e0tiques tan importants com la comunicaci\u00f3, el lideratge, la innovaci\u00f3, la gesti\u00f3 de persones, la gesti\u00f3 del risc, o el treball en equipo.<\/p>\n\n\n\n<div style=\"height:33px\" aria-hidden=\"true\" class=\"wp-block-spacer\"><\/div>\n\n\n\n<p><strong>Vols saber m\u00e9s de mi?<\/strong><\/p>\n\n\n\n<p>Consulta el meu perfil professional a: <a rel=\"noreferrer noopener\" href=\"https:\/\/es.linkedin.com\/in\/jcatala\" target=\"_blank\">https:\/\/es.linkedin.com\/in\/jcatala<\/a><\/p>\n","protected":false},"excerpt":{"rendered":"<p>Conferenciant, coach executiu i consultor especialista en gesti\u00f3 del canvi. Divulgador cient\u00edfic. Acumulo m\u00e9s de 30 anys d&#8217;experi\u00e8ncia en el m\u00f3n de l&#8217;empresa, en els que he ocupat diverses posicions directives. He treballat a T-Systems Espanya i Portugal (4.200 empleats) com a Director de Recursos Humans i membre del Comit\u00e8 Executiu, i anteriorment com a [&hellip;]<\/p>\n","protected":false},"author":4,"featured_media":0,"parent":0,"menu_order":0,"comment_status":"closed","ping_status":"closed","template":"","meta":{"footnotes":""},"_links":{"self":[{"href":"http:\/\/www.joanantoncatala.com\/ca\/wp-json\/wp\/v2\/pages\/973"}],"collection":[{"href":"http:\/\/www.joanantoncatala.com\/ca\/wp-json\/wp\/v2\/pages"}],"about":[{"href":"http:\/\/www.joanantoncatala.com\/ca\/wp-json\/wp\/v2\/types\/page"}],"author":[{"embeddable":true,"href":"http:\/\/www.joanantoncatala.com\/ca\/wp-json\/wp\/v2\/users\/4"}],"replies":[{"embeddable":true,"href":"http:\/\/www.joanantoncatala.com\/ca\/wp-json\/wp\/v2\/comments?post=973"}],"version-history":[{"count":5,"href":"http:\/\/www.joanantoncatala.com\/ca\/wp-json\/wp\/v2\/pages\/973\/revisions"}],"predecessor-version":[{"id":1151,"href":"http:\/\/www.joanantoncatala.com\/ca\/wp-json\/wp\/v2\/pages\/973\/revisions\/1151"}],"wp:attachment":[{"href":"http:\/\/www.joanantoncatala.com\/ca\/wp-json\/wp\/v2\/media?parent=973"}],"curies":[{"name":"wp","href":"https:\/\/api.w.org\/{rel}","templated":true}]}}