{"id":1602,"date":"2021-01-16T13:38:26","date_gmt":"2021-01-16T12:38:26","guid":{"rendered":"http:\/\/www.joanantoncatala.com\/ca\/?page_id=1602"},"modified":"2021-01-16T13:38:26","modified_gmt":"2021-01-16T12:38:26","slug":"formacio-per-a-empreses-atencio-nous-cursos-per-a-gestionar-moments-de-canvi","status":"publish","type":"page","link":"http:\/\/www.joanantoncatala.com\/ca\/formacio-per-a-empreses-atencio-nous-cursos-per-a-gestionar-moments-de-canvi\/","title":{"rendered":"Formaci\u00f3 per a empreses (atenci\u00f3 nous cursos per a gestionar moments de canvi!)"},"content":{"rendered":"\n<p>Fa uns anys vaig apostar per a diferenciar les activitats professionals que realitzo en l&#8217;\u00e0mbit de les din\u00e0miques d&#8217;empresa i la formaci\u00f3 a trav\u00e9s de la combinaci\u00f3 innovadora entre el m\u00f3n de l&#8217;empresa i l&#8217;astronomia.<\/p>\n\n\n\n<p>Aix\u00ed \u00e9s com va n\u00e9ixer la metodologia &#8220;A space to grow&#8221;, que inclou confer\u00e8ncies inspiradores i motivadores, din\u00e0miques i formacions. Durant aquests anys la metodologia ha anat acumulant importants refer\u00e8ncies (gr\u00e0cies a tots per la vostra confian\u00e7a!) que han ajudat a consolidar aquesta innovaci\u00f3, que, per cert, ofereixo tamb\u00e9 en angl\u00e8s.<\/p>\n\n\n\n<figure class=\"wp-block-image size-large\"><img loading=\"lazy\" decoding=\"async\" width=\"714\" height=\"1024\" src=\"http:\/\/www.joanantoncatala.com\/ca\/wp-content\/uploads\/2020\/09\/image-714x1024.png\" alt=\"\" class=\"wp-image-1603\" srcset=\"http:\/\/www.joanantoncatala.com\/ca\/wp-content\/uploads\/2020\/09\/image-714x1024.png 714w, http:\/\/www.joanantoncatala.com\/ca\/wp-content\/uploads\/2020\/09\/image-209x300.png 209w, http:\/\/www.joanantoncatala.com\/ca\/wp-content\/uploads\/2020\/09\/image-768x1101.png 768w, http:\/\/www.joanantoncatala.com\/ca\/wp-content\/uploads\/2020\/09\/image-1071x1536.png 1071w, http:\/\/www.joanantoncatala.com\/ca\/wp-content\/uploads\/2020\/09\/image.png 1108w\" sizes=\"(max-width: 714px) 100vw, 714px\" \/><\/figure>\n\n\n<p><!--EndFragment--><\/p>\n<div>\n<div>\n<div>\n<div class=\"block-editor-block-list__layout is-root-container\">\n<p tabindex=\"0\" role=\"textbox\" aria-label=\"Bloque de p\u00e1rrafo\" aria-multiline=\"true\" data-block=\"0eeee81d-bcea-47a4-a1b9-acea53bca186\" data-type=\"core\/paragraph\" data-title=\"P\u00e1rrafo\">&nbsp;<\/p>\n<p tabindex=\"0\" role=\"textbox\" aria-label=\"Bloque de p\u00e1rrafo\" aria-multiline=\"true\" data-block=\"0eeee81d-bcea-47a4-a1b9-acea53bca186\" data-type=\"core\/paragraph\" data-title=\"P\u00e1rrafo\">&nbsp;<\/p>\n<p id=\"block-0eeee81d-bcea-47a4-a1b9-acea53bca186\" class=\"block-editor-block-list__block wp-block rich-text block-editor-rich-text__editable wp-block\" tabindex=\"0\" role=\"textbox\" aria-label=\"Bloque de p\u00e1rrafo\" aria-multiline=\"true\" data-block=\"0eeee81d-bcea-47a4-a1b9-acea53bca186\" data-type=\"core\/paragraph\" data-title=\"P\u00e1rrafo\">T&#8217;imagines&#8230;<\/p>\n<p id=\"block-a9643507-832c-4c48-b825-8cbd94eee393\" class=\"block-editor-block-list__block wp-block rich-text block-editor-rich-text__editable has-vivid-purple-color has-text-color wp-block\" tabindex=\"0\" role=\"textbox\" aria-label=\"Bloque de p\u00e1rrafo\" aria-multiline=\"true\" data-block=\"a9643507-832c-4c48-b825-8cbd94eee393\" data-type=\"core\/paragraph\" data-title=\"P\u00e1rrafo\">&#8230;descobrir qu\u00e8 significa la flexibilitat i l&#8217;adaptabilitat al canvi salvant la vida dels 3 astronautes de l&#8217;Apollo 13?<\/p>\n<p id=\"block-d4c0d297-cd47-4804-bd20-a79782ede990\" class=\"block-editor-block-list__block wp-block rich-text block-editor-rich-text__editable has-vivid-purple-color has-text-color wp-block\" tabindex=\"0\" role=\"textbox\" aria-label=\"Bloque de p\u00e1rrafo\" aria-multiline=\"true\" data-block=\"d4c0d297-cd47-4804-bd20-a79782ede990\" data-type=\"core\/paragraph\" data-title=\"P\u00e1rrafo\">&#8230;donar-se un bany d&#8217;humiltat amb l&#8217;univers, pensant que si alg\u00fa toqu\u00e9s un bot\u00f3 i desaparegu\u00e9s la nostra gal\u00e0xia sencera, ning\u00fa no ens trobaria a faltar?<\/p>\n<p id=\"block-e9f0004c-9d04-49b6-80ba-200e8e7c5276\" class=\"block-editor-block-list__block wp-block rich-text block-editor-rich-text__editable has-vivid-purple-color has-text-color wp-block\" tabindex=\"0\" role=\"textbox\" aria-label=\"Bloque de p\u00e1rrafo\" aria-multiline=\"true\" data-block=\"e9f0004c-9d04-49b6-80ba-200e8e7c5276\" data-type=\"core\/paragraph\" data-title=\"P\u00e1rrafo\">&#8230;viatjar cap a Mart i discutir sobre la superaci\u00f3 de les nostres limitacions aix\u00ed com sobre la necesitat de marcar-se noves fronteres?<\/p>\n<p id=\"block-9bf142d7-4189-4bc1-a9c6-39b69ba376bc\" class=\"block-editor-block-list__block wp-block rich-text block-editor-rich-text__editable has-vivid-purple-color has-text-color wp-block\" tabindex=\"0\" role=\"textbox\" aria-label=\"Bloque de p\u00e1rrafo\" aria-multiline=\"true\" data-block=\"9bf142d7-4189-4bc1-a9c6-39b69ba376bc\" data-type=\"core\/paragraph\" data-title=\"P\u00e1rrafo\">&#8230;reflexionar sobre la gesti\u00f3 del risc i la resoluci\u00f3 de problemes analizant la trag\u00e8dia del Challenger?<\/p>\n<p id=\"block-a5a66b5f-5e53-4365-a853-9466017c2426\" class=\"block-editor-block-list__block wp-block rich-text block-editor-rich-text__editable has-vivid-purple-color has-text-color wp-block\" tabindex=\"0\" role=\"textbox\" aria-label=\"Bloque de p\u00e1rrafo\" aria-multiline=\"true\" data-block=\"a5a66b5f-5e53-4365-a853-9466017c2426\" data-type=\"core\/paragraph\" data-title=\"P\u00e1rrafo\">&#8230;trobar les claus del lideratge personal i de la iniciativa preguntant-nos si es podrien haver salvat els 7 tripulants del Columbia?<\/p>\n<p id=\"block-c1bc59d8-9846-446c-8e75-015740b835f6\" class=\"block-editor-block-list__block wp-block rich-text block-editor-rich-text__editable has-vivid-purple-color has-text-color wp-block\" tabindex=\"0\" role=\"textbox\" aria-label=\"Bloque de p\u00e1rrafo\" aria-multiline=\"true\" data-block=\"c1bc59d8-9846-446c-8e75-015740b835f6\" data-type=\"core\/paragraph\" data-title=\"P\u00e1rrafo\">&#8230;treballar la comunicaci\u00f3 o la gesti\u00f3 de persones des del concepte que ensexplica que tots estem fabricats dins les estrelles, amb els mateixos materials, i, a pesar d&#8217;aix\u00f2, qu\u00e8 meravellosament diferents que som?<\/p>\n<p id=\"block-0f36f884-0474-435b-9fd2-123fa74614e9\" class=\"block-editor-block-list__block wp-block rich-text block-editor-rich-text__editable wp-block\" tabindex=\"0\" role=\"textbox\" aria-label=\"Bloque de p\u00e1rrafo\" aria-multiline=\"true\" data-block=\"0f36f884-0474-435b-9fd2-123fa74614e9\" data-type=\"core\/paragraph\" data-title=\"P\u00e1rrafo\">Els moments actuals s\u00f3n dif\u00edcils per a tots, amb la pand\u00e8mia de la COVID-19. A nivell organitzatiu, per\u00f2 tamb\u00e9 en un pla personal, simplemente perqu\u00e8 som persones i empatitzem amb el patiment dels dem\u00e9s i de la societat en general. Qui ens ho anava a dir, el mes de febrer de 2020, el que ens venia a sobre!<\/p>\n<p id=\"block-63b82a32-7293-437c-9720-12dab26ef82e\" class=\"block-editor-block-list__block wp-block rich-text block-editor-rich-text__editable wp-block\" tabindex=\"0\" role=\"textbox\" aria-label=\"Bloque de p\u00e1rrafo\" aria-multiline=\"true\" data-block=\"63b82a32-7293-437c-9720-12dab26ef82e\" data-type=\"core\/paragraph\" data-title=\"P\u00e1rrafo\">Crec sincerament que les activitats formatives que ofereixo aporten el que \u00e9s exigible, \u00e9s a dir coneixement i capacitats, per\u00f2 amb l&#8217;agefit de la serenor, perspectiva i equilibri emocional que proporciona l&#8217;univers, elements que tan necessaris s\u00f3n ara per als nostres equips.<\/p>\n<p id=\"block-9b3815af-6451-4b24-afa4-b28d3b96916a\" class=\"block-editor-block-list__block wp-block rich-text block-editor-rich-text__editable wp-block\" tabindex=\"0\" role=\"textbox\" aria-label=\"Bloque de p\u00e1rrafo\" aria-multiline=\"true\" data-block=\"9b3815af-6451-4b24-afa4-b28d3b96916a\" data-type=\"core\/paragraph\" data-title=\"P\u00e1rrafo\">Les tem\u00e0tiques sobre les que ofereixo formaci\u00f3 s\u00f3n les seg\u00fcents:<\/p>\n<p id=\"block-61adb618-f784-47fb-8f32-d29ffe713d8b\" class=\"block-editor-block-list__block wp-block rich-text block-editor-rich-text__editable has-vivid-purple-color has-text-color wp-block\" tabindex=\"0\" role=\"textbox\" aria-label=\"Bloque de p\u00e1rrafo\" aria-multiline=\"true\" data-block=\"61adb618-f784-47fb-8f32-d29ffe713d8b\" data-type=\"core\/paragraph\" data-title=\"P\u00e1rrafo\">-Lideratge i Lideratge personal<br data-rich-text-line-break=\"true\">-Comunicaci\u00f3 interpersonal<br data-rich-text-line-break=\"true\">-Gesti\u00f3 de persones<br data-rich-text-line-break=\"true\">-Gesti\u00f3 b\u00e0sica de projectes<br data-rich-text-line-break=\"true\">-Planificaci\u00f3<br data-rich-text-line-break=\"true\">-Teamwork<br data-rich-text-line-break=\"true\">-Gesti\u00f3 del canvi personal<br data-rich-text-line-break=\"true\">-Gesti\u00f3 del canvi per a gestors<br data-rich-text-line-break=\"true\">-Equilibri emocional<br data-rich-text-line-break=\"true\">-El repte als nostres propis l\u00edmits<\/p>\n<p id=\"block-14e86452-2b25-46f8-a509-859718510e16\" class=\"block-editor-block-list__block wp-block rich-text block-editor-rich-text__editable wp-block\" tabindex=\"0\" role=\"textbox\" aria-label=\"Bloque de p\u00e1rrafo\" aria-multiline=\"true\" data-block=\"14e86452-2b25-46f8-a509-859718510e16\" data-type=\"core\/paragraph\" data-title=\"P\u00e1rrafo\">Totes elles estan adaptades per a ser realitzades en modalitat tant presencial com tamb\u00e9 on-line. I, per suposat, s\u00f3n adaptables a les prioritats i continguts espec\u00edfics de cada organitzaci\u00f3 (\u00e9s a dir, en cap cas s\u00f3n &#8220;off the shelf&#8221;).<\/p>\n<p tabindex=\"0\" role=\"textbox\" aria-label=\"Bloque de p\u00e1rrafo\" aria-multiline=\"true\" data-block=\"1d8a43e6-f5c1-4332-8ffb-78f855f80f5e\" data-type=\"core\/paragraph\" data-title=\"P\u00e1rrafo\">Responent a les necessitats d&#8217;alguns deles meus clients, especialment pel que fa refer\u00e8ncia a l&#8217;impact de la pand\u00e8mia tant en el pla professional com tamb\u00e9 personal, recentment he llan\u00e7at 3 cursos espec\u00edfics: &#8220;Gestionar temps dif\u00edcils (COVID-19)&#8221;, &#8220;La gesti\u00f3 del canvi&#8221;, i &#8220;La gesti\u00f3 b\u00e0sica de projectes&#8221;. Pots trobar m\u00e9s informaci\u00f3 d\u00e0quests cursos <strong><a href=\"http:\/\/www.joanantoncatala.com\/ca\/2021\/01\/16\/nous-cursos-focalitzats-en-el-canvi-i-la-gestio-de-la-situacio-que-vivim\/\">aqu\u00ed<\/a>.<\/strong><\/p>\n<p id=\"block-1d8a43e6-f5c1-4332-8ffb-78f855f80f5e\" class=\"block-editor-block-list__block wp-block rich-text block-editor-rich-text__editable wp-block\" tabindex=\"0\" role=\"textbox\" aria-label=\"Bloque de p\u00e1rrafo\" aria-multiline=\"true\" data-block=\"1d8a43e6-f5c1-4332-8ffb-78f855f80f5e\" data-type=\"core\/paragraph\" data-title=\"P\u00e1rrafo\">Si desitges m\u00e9s informaci\u00f3, sense comprom\u00eds, em pots contactar <a href=\"http:\/\/www.joanantoncatala.com\/es\/contacto\/\">aqu\u00ed<\/a>.<\/p>\n<p id=\"block-bcf84d0f-fff6-42d9-af13-c1822d57e790\" class=\"block-editor-block-list__block wp-block rich-text block-editor-rich-text__editable wp-block\" tabindex=\"0\" role=\"textbox\" aria-label=\"Bloque vac\u00edo; empieza a escribir o escribe una barra ( \/ ) para elegir un bloque\" aria-multiline=\"true\" data-block=\"bcf84d0f-fff6-42d9-af13-c1822d57e790\" data-type=\"core\/paragraph\" data-title=\"P\u00e1rrafo\">&nbsp;<\/p>\n<div class=\"block-list-appender\" tabindex=\"-1\">&nbsp;<\/div>\n<\/div>\n<\/div>\n<\/div>\n<\/div>\n<div tabindex=\"0\">&nbsp;<\/div>\n<p>&nbsp;<\/p>","protected":false},"excerpt":{"rendered":"<p>Fa uns anys vaig apostar per a diferenciar les activitats professionals que realitzo en l&#8217;\u00e0mbit de les din\u00e0miques d&#8217;empresa i la formaci\u00f3 a trav\u00e9s de la combinaci\u00f3 innovadora entre el m\u00f3n de l&#8217;empresa i l&#8217;astronomia. Aix\u00ed \u00e9s com va n\u00e9ixer la metodologia &#8220;A space to grow&#8221;, que inclou confer\u00e8ncies inspiradores i motivadores, din\u00e0miques i formacions. [&hellip;]<\/p>\n","protected":false},"author":4,"featured_media":0,"parent":0,"menu_order":0,"comment_status":"closed","ping_status":"closed","template":"","meta":{"footnotes":""},"_links":{"self":[{"href":"http:\/\/www.joanantoncatala.com\/ca\/wp-json\/wp\/v2\/pages\/1602"}],"collection":[{"href":"http:\/\/www.joanantoncatala.com\/ca\/wp-json\/wp\/v2\/pages"}],"about":[{"href":"http:\/\/www.joanantoncatala.com\/ca\/wp-json\/wp\/v2\/types\/page"}],"author":[{"embeddable":true,"href":"http:\/\/www.joanantoncatala.com\/ca\/wp-json\/wp\/v2\/users\/4"}],"replies":[{"embeddable":true,"href":"http:\/\/www.joanantoncatala.com\/ca\/wp-json\/wp\/v2\/comments?post=1602"}],"version-history":[{"count":3,"href":"http:\/\/www.joanantoncatala.com\/ca\/wp-json\/wp\/v2\/pages\/1602\/revisions"}],"predecessor-version":[{"id":1630,"href":"http:\/\/www.joanantoncatala.com\/ca\/wp-json\/wp\/v2\/pages\/1602\/revisions\/1630"}],"wp:attachment":[{"href":"http:\/\/www.joanantoncatala.com\/ca\/wp-json\/wp\/v2\/media?parent=1602"}],"curies":[{"name":"wp","href":"https:\/\/api.w.org\/{rel}","templated":true}]}}